{"id":220,"date":"2023-02-01T17:16:54","date_gmt":"2023-02-01T17:16:54","guid":{"rendered":"https:\/\/bokorhaz.hu\/?page_id=220"},"modified":"2023-04-03T11:31:24","modified_gmt":"2023-04-03T11:31:24","slug":"kapcsolat","status":"publish","type":"page","link":"https:\/\/bokorhaz.hu\/de\/kapcsolat\/","title":{"rendered":"Kontakt"},"content":{"rendered":"<div data-elementor-type=\"wp-page\" data-elementor-id=\"220\" class=\"elementor elementor-220\" data-elementor-post-type=\"page\">\n\t\t\t\t<div class=\"elementor-element elementor-element-6ae6e19 e-con-full e-flex e-con e-parent\" data-id=\"6ae6e19\" data-element_type=\"container\" data-e-type=\"container\" data-settings=\"{&quot;background_background&quot;:&quot;classic&quot;}\">\n\t\t\t\t<div class=\"elementor-element elementor-element-46fdd177 elementor--h-position-center elementor--v-position-middle elementor-arrows-position-inside elementor-pagination-position-inside elementor-widget elementor-widget-slides\" data-id=\"46fdd177\" data-element_type=\"widget\" data-e-type=\"widget\" data-settings=\"{&quot;navigation&quot;:&quot;both&quot;,&quot;autoplay&quot;:&quot;yes&quot;,&quot;pause_on_hover&quot;:&quot;yes&quot;,&quot;pause_on_interaction&quot;:&quot;yes&quot;,&quot;autoplay_speed&quot;:5000,&quot;infinite&quot;:&quot;yes&quot;,&quot;transition&quot;:&quot;slide&quot;,&quot;transition_speed&quot;:500}\" data-widget_type=\"slides.default\">\n\t\t\t\t<div class=\"elementor-widget-container\">\n\t\t\t\t\t\t\t\t\t<div class=\"elementor-swiper\">\n\t\t\t\t\t<div class=\"elementor-slides-wrapper elementor-main-swiper swiper\" role=\"region\" aria-roledescription=\"carousel\" aria-label=\"Slides\" dir=\"ltr\" data-animation=\"fadeInUp\">\n\t\t\t\t<div class=\"swiper-wrapper elementor-slides\">\n\t\t\t\t\t\t\t\t\t\t<div class=\"elementor-repeater-item-3ddca03 swiper-slide\" role=\"group\" aria-roledescription=\"slide\"><div class=\"swiper-slide-bg elementor-ken-burns elementor-ken-burns--in\" role=\"img\" aria-label=\"P1050277-scaled.jpg\"><\/div><a class=\"swiper-slide-inner\" href=\"https:\/\/bokorhaz.hu\/bokor-haz\/\"><div class=\"swiper-slide-contents\"><div class=\"elementor-slide-heading\">Bokor Haus<\/div><div  class=\"elementor-button elementor-slide-button elementor-size-sm\">Ich schaue mir das mal genauer an...<\/div><\/div><\/a><\/div><div class=\"elementor-repeater-item-21e3a6c swiper-slide\" role=\"group\" aria-roledescription=\"slide\"><div class=\"swiper-slide-bg elementor-ken-burns elementor-ken-burns--in\" role=\"img\" aria-label=\"P1080375-scaled.jpg\"><\/div><a class=\"swiper-slide-inner\" href=\"https:\/\/bokorhaz.hu\/levendula-haz\/\" target=\"_blank\"><div class=\"swiper-slide-contents\"><div class=\"elementor-slide-heading\">Lavendelhaus<\/div><div  class=\"elementor-button elementor-slide-button elementor-size-sm\">Ich schaue mir das mal genauer an...<\/div><\/div><\/a><\/div>\t\t\t\t<\/div>\n\t\t\t\t\t\t\t\t\t\t\t\t\t\t\t<div class=\"elementor-swiper-button elementor-swiper-button-prev\" role=\"button\" tabindex=\"0\" aria-label=\"Previous slide\" data-no-translation-aria-label=\"\">\n\t\t\t\t\t\t\t<svg aria-hidden=\"true\" class=\"e-font-icon-svg e-eicon-chevron-left\" viewbox=\"0 0 1000 1000\" xmlns=\"http:\/\/www.w3.org\/2000\/svg\"><path d=\"M646 125C629 125 613 133 604 142L308 442C296 454 292 471 292 487 292 504 296 521 308 533L604 854C617 867 629 875 646 875 663 875 679 871 692 858 704 846 713 829 713 812 713 796 708 779 692 767L438 487 692 225C700 217 708 204 708 187 708 171 704 154 692 142 675 129 663 125 646 125Z\"><\/path><\/svg>\t\t\t\t\t\t<\/div>\n\t\t\t\t\t\t<div class=\"elementor-swiper-button elementor-swiper-button-next\" role=\"button\" tabindex=\"0\" aria-label=\"Next slide\" data-no-translation-aria-label=\"\">\n\t\t\t\t\t\t\t<svg aria-hidden=\"true\" class=\"e-font-icon-svg e-eicon-chevron-right\" viewbox=\"0 0 1000 1000\" xmlns=\"http:\/\/www.w3.org\/2000\/svg\"><path d=\"M696 533C708 521 713 504 713 487 713 471 708 454 696 446L400 146C388 133 375 125 354 125 338 125 325 129 313 142 300 154 292 171 292 187 292 204 296 221 308 233L563 492 304 771C292 783 288 800 288 817 288 833 296 850 308 863 321 871 338 875 354 875 371 875 388 867 400 854L696 533Z\"><\/path><\/svg>\t\t\t\t\t\t<\/div>\n\t\t\t\t\t\t\t\t\t\t\t\t\t\t\t\t<div class=\"swiper-pagination\"><\/div>\n\t\t\t\t\t\t\t\t\t\t\t\t<\/div>\n\t\t\t\t<\/div>\n\t\t\t\t\t\t\t\t<\/div>\n\t\t\t\t<\/div>\n\t\t\t\t<\/div>\n\t\t\t\t<section class=\"elementor-section elementor-top-section elementor-element elementor-element-10616dc3 elementor-section-content-middle elementor-section-full_width elementor-section-height-default elementor-section-height-default\" data-id=\"10616dc3\" data-element_type=\"section\" data-e-type=\"section\">\n\t\t\t\t\t\t<div class=\"elementor-container elementor-column-gap-no\">\n\t\t\t\t\t<div class=\"elementor-column elementor-col-100 elementor-top-column elementor-element elementor-element-2dda2c86\" data-id=\"2dda2c86\" data-element_type=\"column\" data-e-type=\"column\" data-settings=\"{&quot;background_background&quot;:&quot;classic&quot;}\">\n\t\t\t<div class=\"elementor-widget-wrap elementor-element-populated\">\n\t\t\t\t\t\t<div class=\"elementor-element elementor-element-f3bfb7b elementor-widget elementor-widget-heading\" data-id=\"f3bfb7b\" data-element_type=\"widget\" data-e-type=\"widget\" data-widget_type=\"heading.default\">\n\t\t\t\t<div class=\"elementor-widget-container\">\n\t\t\t\t\t<h1 class=\"elementor-heading-title elementor-size-default\">Kontakt<\/h1>\t\t\t\t<\/div>\n\t\t\t\t<\/div>\n\t\t\t\t<div class=\"elementor-element elementor-element-6ae12bea elementor-widget elementor-widget-text-editor\" data-id=\"6ae12bea\" data-element_type=\"widget\" data-e-type=\"widget\" data-widget_type=\"text-editor.default\">\n\t\t\t\t<div class=\"elementor-widget-container\">\n\t\t\t\t\t\t\t\t\t<div style=\"color: #252525; font-family: system-ui, -apple-system, 'Segoe UI', Roboto, 'Helvetica Neue', Arial, 'Noto Sans', 'Liberation Sans', sans-serif, 'Apple Color Emoji', 'Segoe UI Emoji', 'Segoe UI Symbol', 'Noto Color Emoji'; background-color: #ffffff; text-align: center;\"><span style=\"font-size: 14pt;\">BoKoR vend\u00e9gh\u00e1z<\/span><\/div><div style=\"color: #252525; font-family: system-ui, -apple-system, 'Segoe UI', Roboto, 'Helvetica Neue', Arial, 'Noto Sans', 'Liberation Sans', sans-serif, 'Apple Color Emoji', 'Segoe UI Emoji', 'Segoe UI Symbol', 'Noto Color Emoji'; background-color: #ffffff; text-align: center;\"><span style=\"font-size: 14pt;\">6600 Szentes, Csongr\u00e1di \u00fat 15.<\/span><\/div><div style=\"color: #252525; font-family: system-ui, -apple-system, 'Segoe UI', Roboto, 'Helvetica Neue', Arial, 'Noto Sans', 'Liberation Sans', sans-serif, 'Apple Color Emoji', 'Segoe UI Emoji', 'Segoe UI Symbol', 'Noto Color Emoji'; background-color: #ffffff; text-align: center;\"><span style=\"font-size: 14pt;\">+36703184104<\/span><br \/><span style=\"font-size: 14pt;\"><a style=\"color: #ed145b; transition-duration: 400ms, 400ms; transition-timing-function: ease, ease;\" href=\"mailto:bkorvendeghaz@gmail.com\">bkorvendeghaz@gmail.com<\/a><\/span><\/div>\t\t\t\t\t\t\t\t<\/div>\n\t\t\t\t<\/div>\n\t\t\t\t\t<\/div>\n\t\t<\/div>\n\t\t\t\t\t<\/div>\n\t\t<\/section>\n\t\t\t\t<section class=\"elementor-section elementor-top-section elementor-element elementor-element-6fb43d5 elementor-section-boxed elementor-section-height-default elementor-section-height-default\" data-id=\"6fb43d5\" data-element_type=\"section\" data-e-type=\"section\">\n\t\t\t\t\t\t<div class=\"elementor-container elementor-column-gap-default\">\n\t\t\t\t\t<div class=\"elementor-column elementor-col-50 elementor-top-column elementor-element elementor-element-9b725cb\" data-id=\"9b725cb\" data-element_type=\"column\" data-e-type=\"column\">\n\t\t\t<div class=\"elementor-widget-wrap elementor-element-populated\">\n\t\t\t\t\t\t<div class=\"elementor-element elementor-element-4c893d4 elementor-widget elementor-widget-text-editor\" data-id=\"4c893d4\" data-element_type=\"widget\" data-e-type=\"widget\" data-widget_type=\"text-editor.default\">\n\t\t\t\t<div class=\"elementor-widget-container\">\n\t\t\t\t\t\t\t\t\t<p><span style=\"color: rgb(37, 37, 37); font-family: Helvetica; font-size: 16px;\">Vend\u00e9gh\u00e1zunk a Csongr\u00e1di \u00fat \u00e9s az Eszes Tam\u00e1s \u00fat sark\u00e1n tal\u00e1lhat\u00f3.<\/span><br style=\"color: rgb(37, 37, 37); font-family: Helvetica; font-size: 16px;\"><br style=\"color: rgb(37, 37, 37); font-family: Helvetica; font-size: 16px;\"><span style=\"font-weight: bolder; color: rgb(37, 37, 37); font-family: Helvetica; font-size: 16px;\">Megk\u00f6zel\u00edt\u00e9s Csongr\u00e1d fel\u0151l:<\/span><br style=\"color: rgb(37, 37, 37); font-family: Helvetica; font-size: 16px;\"><span style=\"color: rgb(37, 37, 37); font-family: Helvetica; font-size: 16px;\">A v\u00e1rost\u00e1bl\u00e1t elhagyva egyenesen a v\u00e1ros k\u00f6zponja fel\u00e9 tartva el\u0151sz\u00f6r elhagyjuk az OMV kutat, majd egy SVF csap\u00e1gybolt k\u00f6vetkezik a jobb oldalon, az azt k\u00f6vet\u0151 utc\u00e1ba kell lekanyarodni.&nbsp;A h\u00e1z a jobb kezed fel\u0151l az utca elej\u00e9n (1. \u00e9s 2. h\u00e1z)<\/span><br style=\"color: rgb(37, 37, 37); font-family: Helvetica; font-size: 16px;\"><br style=\"color: rgb(37, 37, 37); font-family: Helvetica; font-size: 16px;\"><span style=\"font-weight: bolder; color: rgb(37, 37, 37); font-family: Helvetica; font-size: 16px;\">Megk\u00f6zel\u00edt\u00e9s H\u00f3dmez\u0151v\u00e1s\u00e1rhely fel\u0151l:<\/span><br style=\"color: rgb(37, 37, 37); font-family: Helvetica; font-size: 16px;\"><span style=\"color: rgb(37, 37, 37); font-family: Helvetica; font-size: 16px;\">A V\u00e1s\u00e1rhelyi \u00faton v\u00e9gighaladva egy Y el\u00e1gaz\u00e1sig \u00e9r, ott fordulj balra, a k\u00f6vetkez\u0151 k\u00f6rforgalomn\u00e1l szint\u00e9n balra (3. kij\u00e1rat) innen az utat tartva menj egyenesen, bal k\u00e9z fel\u0151l a v\u00e1rosi liget mellett haladsz el a liget ut\u00e1n a 3. utc\u00e1ba fordulj le. A h\u00e1z a jobb kezed fel\u0151l az utca elej\u00e9n (1. \u00e9s 2. h\u00e1z)<\/span><br><\/p>\t\t\t\t\t\t\t\t<\/div>\n\t\t\t\t<\/div>\n\t\t\t\t\t<\/div>\n\t\t<\/div>\n\t\t\t\t<div class=\"elementor-column elementor-col-50 elementor-top-column elementor-element elementor-element-eeb7a51\" data-id=\"eeb7a51\" data-element_type=\"column\" data-e-type=\"column\">\n\t\t\t<div class=\"elementor-widget-wrap elementor-element-populated\">\n\t\t\t\t\t\t<div class=\"elementor-element elementor-element-8669708 elementor-widget elementor-widget-google_maps\" data-id=\"8669708\" data-element_type=\"widget\" data-e-type=\"widget\" data-widget_type=\"google_maps.default\">\n\t\t\t\t<div class=\"elementor-widget-container\">\n\t\t\t\t\t\t\t<div class=\"elementor-custom-embed\">\n\t\t\t<iframe loading=\"lazy\"\n\t\t\t\t\tsrc=\"https:\/\/maps.google.com\/maps?q=Szentes%20Csongr%C3%A1di%20%C3%BAt%2015.&#038;t=m&#038;z=15&#038;output=embed&#038;iwloc=near\"\n\t\t\t\t\ttitle=\"Szentes Csongr\u00e1di \u00fat 15.\"\n\t\t\t\t\taria-label=\"Szentes Csongr\u00e1di \u00fat 15.\"\n\t\t\t><\/iframe>\n\t\t<\/div>\n\t\t\t\t\t\t<\/div>\n\t\t\t\t<\/div>\n\t\t\t\t\t<\/div>\n\t\t<\/div>\n\t\t\t\t\t<\/div>\n\t\t<\/section>\n\t\t<div class=\"elementor-element elementor-element-51b71f78 e-flex e-con-boxed e-con e-parent\" data-id=\"51b71f78\" data-element_type=\"container\" data-e-type=\"container\" data-settings=\"{&quot;background_background&quot;:&quot;classic&quot;}\">\n\t\t\t\t\t<div class=\"e-con-inner\">\n\t\t<div class=\"elementor-element elementor-element-1e52ee00 e-flex e-con-boxed e-con e-parent\" data-id=\"1e52ee00\" data-element_type=\"container\" data-e-type=\"container\">\n\t\t\t\t\t<div class=\"e-con-inner\">\n\t\t\t\t<div class=\"elementor-element elementor-element-2fd46432 elementor-widget elementor-widget-heading\" data-id=\"2fd46432\" data-element_type=\"widget\" data-e-type=\"widget\" data-widget_type=\"heading.default\">\n\t\t\t\t<div class=\"elementor-widget-container\">\n\t\t\t\t\t<h2 class=\"elementor-heading-title elementor-size-default\">Buchen Sie noch heute! Verpassen Sie nichts! <\/h2>\t\t\t\t<\/div>\n\t\t\t\t<\/div>\n\t\t\t\t\t<\/div>\n\t\t\t\t<\/div>\n\t\t<div class=\"elementor-element elementor-element-11eaaf7b e-flex e-con-boxed e-con e-parent\" data-id=\"11eaaf7b\" data-element_type=\"container\" data-e-type=\"container\">\n\t\t\t\t\t<div class=\"e-con-inner\">\n\t\t\t\t<div class=\"elementor-element elementor-element-2278166f elementor-widget elementor-widget-heading\" data-id=\"2278166f\" data-element_type=\"widget\" data-e-type=\"widget\" data-widget_type=\"heading.default\">\n\t\t\t\t<div class=\"elementor-widget-container\">\n\t\t\t\t\t<h2 class=\"elementor-heading-title elementor-size-default\">+36 70 318 4104<\/h2>\t\t\t\t<\/div>\n\t\t\t\t<\/div>\n\t\t\t\t<div class=\"elementor-element elementor-element-60c8d881 elementor-widget__width-initial elementor-view-default elementor-widget elementor-widget-icon\" data-id=\"60c8d881\" data-element_type=\"widget\" data-e-type=\"widget\" data-widget_type=\"icon.default\">\n\t\t\t\t<div class=\"elementor-widget-container\">\n\t\t\t\t\t\t\t<div class=\"elementor-icon-wrapper\">\n\t\t\t<div class=\"elementor-icon\">\n\t\t\t<svg aria-hidden=\"true\" class=\"e-font-icon-svg e-fas-phone\" viewbox=\"0 0 512 512\" xmlns=\"http:\/\/www.w3.org\/2000\/svg\"><path d=\"M493.4 24.6l-104-24c-11.3-2.6-22.9 3.3-27.5 13.9l-48 112c-4.2 9.8-1.4 21.3 6.9 28l60.6 49.6c-36 76.7-98.9 140.5-177.2 177.2l-49.6-60.6c-6.8-8.3-18.2-11.1-28-6.9l-112 48C3.9 366.5-2 378.1.6 389.4l24 104C27.1 504.2 36.7 512 48 512c256.1 0 464-207.5 464-464 0-11.2-7.7-20.9-18.6-23.4z\"><\/path><\/svg>\t\t\t<\/div>\n\t\t<\/div>\n\t\t\t\t\t\t<\/div>\n\t\t\t\t<\/div>\n\t\t\t\t\t<\/div>\n\t\t\t\t<\/div>\n\t\t<div class=\"elementor-element elementor-element-6e9417a e-flex e-con-boxed e-con e-parent\" data-id=\"6e9417a\" data-element_type=\"container\" data-e-type=\"container\">\n\t\t\t\t\t<div class=\"e-con-inner\">\n\t\t\t\t<div class=\"elementor-element elementor-element-e9c51e8 elementor-widget elementor-widget-heading\" data-id=\"e9c51e8\" data-element_type=\"widget\" data-e-type=\"widget\" data-widget_type=\"heading.default\">\n\t\t\t\t<div class=\"elementor-widget-container\">\n\t\t\t\t\t<h2 class=\"elementor-heading-title elementor-size-default\">+36 70 384 3415<\/h2>\t\t\t\t<\/div>\n\t\t\t\t<\/div>\n\t\t\t\t<div class=\"elementor-element elementor-element-198ad13 elementor-widget__width-initial elementor-view-default elementor-widget elementor-widget-icon\" data-id=\"198ad13\" data-element_type=\"widget\" data-e-type=\"widget\" data-widget_type=\"icon.default\">\n\t\t\t\t<div class=\"elementor-widget-container\">\n\t\t\t\t\t\t\t<div class=\"elementor-icon-wrapper\">\n\t\t\t<div class=\"elementor-icon\">\n\t\t\t<svg aria-hidden=\"true\" class=\"e-font-icon-svg e-fas-phone\" viewbox=\"0 0 512 512\" xmlns=\"http:\/\/www.w3.org\/2000\/svg\"><path d=\"M493.4 24.6l-104-24c-11.3-2.6-22.9 3.3-27.5 13.9l-48 112c-4.2 9.8-1.4 21.3 6.9 28l60.6 49.6c-36 76.7-98.9 140.5-177.2 177.2l-49.6-60.6c-6.8-8.3-18.2-11.1-28-6.9l-112 48C3.9 366.5-2 378.1.6 389.4l24 104C27.1 504.2 36.7 512 48 512c256.1 0 464-207.5 464-464 0-11.2-7.7-20.9-18.6-23.4z\"><\/path><\/svg>\t\t\t<\/div>\n\t\t<\/div>\n\t\t\t\t\t\t<\/div>\n\t\t\t\t<\/div>\n\t\t\t\t\t<\/div>\n\t\t\t\t<\/div>\n\t\t<div class=\"elementor-element elementor-element-b6ac93a e-flex e-con-boxed e-con e-parent\" data-id=\"b6ac93a\" data-element_type=\"container\" data-e-type=\"container\">\n\t\t\t\t\t<div class=\"e-con-inner\">\n\t\t\t\t<div class=\"elementor-element elementor-element-15579d elementor-widget elementor-widget-heading\" data-id=\"15579d\" data-element_type=\"widget\" data-e-type=\"widget\" data-widget_type=\"heading.default\">\n\t\t\t\t<div class=\"elementor-widget-container\">\n\t\t\t\t\t<h2 class=\"elementor-heading-title elementor-size-default\">bkorvendeghaz@gmail.com<\/h2>\t\t\t\t<\/div>\n\t\t\t\t<\/div>\n\t\t\t\t<div class=\"elementor-element elementor-element-1bd93545 elementor-widget__width-initial elementor-view-default elementor-widget elementor-widget-icon\" data-id=\"1bd93545\" data-element_type=\"widget\" data-e-type=\"widget\" data-widget_type=\"icon.default\">\n\t\t\t\t<div class=\"elementor-widget-container\">\n\t\t\t\t\t\t\t<div class=\"elementor-icon-wrapper\">\n\t\t\t<div class=\"elementor-icon\">\n\t\t\t<svg aria-hidden=\"true\" class=\"e-font-icon-svg e-far-envelope\" viewbox=\"0 0 512 512\" xmlns=\"http:\/\/www.w3.org\/2000\/svg\"><path d=\"M464 64H48C21.49 64 0 85.49 0 112v288c0 26.51 21.49 48 48 48h416c26.51 0 48-21.49 48-48V112c0-26.51-21.49-48-48-48zm0 48v40.805c-22.422 18.259-58.168 46.651-134.587 106.49-16.841 13.247-50.201 45.072-73.413 44.701-23.208.375-56.579-31.459-73.413-44.701C106.18 199.465 70.425 171.067 48 152.805V112h416zM48 400V214.398c22.914 18.251 55.409 43.862 104.938 82.646 21.857 17.205 60.134 55.186 103.062 54.955 42.717.231 80.509-37.199 103.053-54.947 49.528-38.783 82.032-64.401 104.947-82.653V400H48z\"><\/path><\/svg>\t\t\t<\/div>\n\t\t<\/div>\n\t\t\t\t\t\t<\/div>\n\t\t\t\t<\/div>\n\t\t\t\t\t<\/div>\n\t\t\t\t<\/div>\n\t\t\t\t\t<\/div>\n\t\t\t\t<\/div>\n\t\t\t\t<\/div>","protected":false},"excerpt":{"rendered":"<p>Bokor h\u00e1zMegn\u00e9zem k\u00f6zelebbr\u0151l&#8230;Levendula h\u00e1zMegn\u00e9zem k\u00f6zelebbr\u0151l&#8230; El\u0151z\u0151 K\u00f6vetkez\u0151 Kapcsolat BoKoR vend\u00e9gh\u00e1z6600 Szentes, Csongr\u00e1di \u00fat 15.+36703184104bkorvendeghaz@gmail.com Vend\u00e9gh\u00e1zunk a Csongr\u00e1di \u00fat \u00e9s az Eszes Tam\u00e1s \u00fat sark\u00e1n tal\u00e1lhat\u00f3.Megk\u00f6zel\u00edt\u00e9s Csongr\u00e1d fel\u0151l:A v\u00e1rost\u00e1bl\u00e1t elhagyva egyenesen a v\u00e1ros k\u00f6zponja fel\u00e9 tartva el\u0151sz\u00f6r elhagyjuk az OMV kutat, majd egy SVF csap\u00e1gybolt k\u00f6vetkezik a jobb oldalon, az azt k\u00f6vet\u0151 utc\u00e1ba kell lekanyarodni.&nbsp;A h\u00e1z &#8230; <a title=\"Kontakt\" class=\"read-more\" href=\"https:\/\/bokorhaz.hu\/de\/kapcsolat\/\" aria-label=\"Mehr Informationen \u00fcber Kapcsolat\">Weiterlesen<\/a><\/p>","protected":false},"author":1,"featured_media":0,"parent":0,"menu_order":0,"comment_status":"closed","ping_status":"closed","template":"","meta":{"_seopress_robots_primary_cat":"","_seopress_titles_title":"","_seopress_titles_desc":"Kapcsolat Bokor vend\u00e9gh\u00e1z 6600 Szentes, Csongr\u00e1di \u00fat 15. telefon: +36703184104 e-mail: bkorvendeghaz@gmail.com Vend\u00e9gh\u00e1zunk a Csongr\u00e1di \u00fat \u00e9s az Eszes Tam\u00e1s \u00fat sark\u00e1n tal\u00e1lhat\u00f3.","_seopress_robots_index":"","footnotes":""},"class_list":["post-220","page","type-page","status-publish"],"_links":{"self":[{"href":"https:\/\/bokorhaz.hu\/de\/wp-json\/wp\/v2\/pages\/220","targetHints":{"allow":["GET"]}}],"collection":[{"href":"https:\/\/bokorhaz.hu\/de\/wp-json\/wp\/v2\/pages"}],"about":[{"href":"https:\/\/bokorhaz.hu\/de\/wp-json\/wp\/v2\/types\/page"}],"author":[{"embeddable":true,"href":"https:\/\/bokorhaz.hu\/de\/wp-json\/wp\/v2\/users\/1"}],"replies":[{"embeddable":true,"href":"https:\/\/bokorhaz.hu\/de\/wp-json\/wp\/v2\/comments?post=220"}],"version-history":[{"count":16,"href":"https:\/\/bokorhaz.hu\/de\/wp-json\/wp\/v2\/pages\/220\/revisions"}],"predecessor-version":[{"id":1960,"href":"https:\/\/bokorhaz.hu\/de\/wp-json\/wp\/v2\/pages\/220\/revisions\/1960"}],"wp:attachment":[{"href":"https:\/\/bokorhaz.hu\/de\/wp-json\/wp\/v2\/media?parent=220"}],"curies":[{"name":"wp","href":"https:\/\/api.w.org\/{rel}","templated":true}]}}