{"id":317,"date":"2023-02-01T20:26:19","date_gmt":"2023-02-01T20:26:19","guid":{"rendered":"https:\/\/bokorhaz.hu\/?page_id=317"},"modified":"2023-03-04T14:55:55","modified_gmt":"2023-03-04T14:55:55","slug":"vendegadat-rogzites","status":"publish","type":"page","link":"https:\/\/bokorhaz.hu\/de\/vendegadat-rogzites\/","title":{"rendered":"Gastdatenerfassung"},"content":{"rendered":"<div data-elementor-type=\"wp-page\" data-elementor-id=\"317\" class=\"elementor elementor-317\" data-elementor-post-type=\"page\">\n\t\t\t\t<div class=\"elementor-element elementor-element-09cfae4 e-con-full e-flex e-con e-parent\" data-id=\"09cfae4\" data-element_type=\"container\" data-e-type=\"container\" data-settings=\"{&quot;background_background&quot;:&quot;classic&quot;}\">\n\t\t\t\t<div class=\"elementor-element elementor-element-77069958 elementor--h-position-center elementor--v-position-middle elementor-arrows-position-inside elementor-pagination-position-inside elementor-widget elementor-widget-slides\" data-id=\"77069958\" data-element_type=\"widget\" data-e-type=\"widget\" data-settings=\"{&quot;navigation&quot;:&quot;both&quot;,&quot;autoplay&quot;:&quot;yes&quot;,&quot;pause_on_hover&quot;:&quot;yes&quot;,&quot;pause_on_interaction&quot;:&quot;yes&quot;,&quot;autoplay_speed&quot;:5000,&quot;infinite&quot;:&quot;yes&quot;,&quot;transition&quot;:&quot;slide&quot;,&quot;transition_speed&quot;:500}\" data-widget_type=\"slides.default\">\n\t\t\t\t<div class=\"elementor-widget-container\">\n\t\t\t\t\t\t\t\t\t<div class=\"elementor-swiper\">\n\t\t\t\t\t<div class=\"elementor-slides-wrapper elementor-main-swiper swiper\" role=\"region\" aria-roledescription=\"carousel\" aria-label=\"Slides\" dir=\"ltr\" data-animation=\"fadeInUp\">\n\t\t\t\t<div class=\"swiper-wrapper elementor-slides\">\n\t\t\t\t\t\t\t\t\t\t<div class=\"elementor-repeater-item-3ddca03 swiper-slide\" role=\"group\" aria-roledescription=\"slide\"><div class=\"swiper-slide-bg elementor-ken-burns elementor-ken-burns--in\" role=\"img\" aria-label=\"P1050277-scaled.jpg\"><\/div><a class=\"swiper-slide-inner\" href=\"https:\/\/bokorhaz.hu\/bokor-haz\/\"><div class=\"swiper-slide-contents\"><div class=\"elementor-slide-heading\">Bokor Haus<\/div><div  class=\"elementor-button elementor-slide-button elementor-size-sm\">Ich schaue mir das mal genauer an...<\/div><\/div><\/a><\/div><div class=\"elementor-repeater-item-21e3a6c swiper-slide\" role=\"group\" aria-roledescription=\"slide\"><div class=\"swiper-slide-bg elementor-ken-burns elementor-ken-burns--in\" role=\"img\" aria-label=\"P1080375-scaled.jpg\"><\/div><a class=\"swiper-slide-inner\" href=\"https:\/\/bokorhaz.hu\/levendula-haz\/\" target=\"_blank\"><div class=\"swiper-slide-contents\"><div class=\"elementor-slide-heading\">Lavendelhaus<\/div><div  class=\"elementor-button elementor-slide-button elementor-size-sm\">Ich schaue mir das mal genauer an...<\/div><\/div><\/a><\/div>\t\t\t\t<\/div>\n\t\t\t\t\t\t\t\t\t\t\t\t\t\t\t<div class=\"elementor-swiper-button elementor-swiper-button-prev\" role=\"button\" tabindex=\"0\" aria-label=\"Previous slide\" data-no-translation-aria-label=\"\">\n\t\t\t\t\t\t\t<svg aria-hidden=\"true\" class=\"e-font-icon-svg e-eicon-chevron-left\" viewbox=\"0 0 1000 1000\" xmlns=\"http:\/\/www.w3.org\/2000\/svg\"><path d=\"M646 125C629 125 613 133 604 142L308 442C296 454 292 471 292 487 292 504 296 521 308 533L604 854C617 867 629 875 646 875 663 875 679 871 692 858 704 846 713 829 713 812 713 796 708 779 692 767L438 487 692 225C700 217 708 204 708 187 708 171 704 154 692 142 675 129 663 125 646 125Z\"><\/path><\/svg>\t\t\t\t\t\t<\/div>\n\t\t\t\t\t\t<div class=\"elementor-swiper-button elementor-swiper-button-next\" role=\"button\" tabindex=\"0\" aria-label=\"Next slide\" data-no-translation-aria-label=\"\">\n\t\t\t\t\t\t\t<svg aria-hidden=\"true\" class=\"e-font-icon-svg e-eicon-chevron-right\" viewbox=\"0 0 1000 1000\" xmlns=\"http:\/\/www.w3.org\/2000\/svg\"><path d=\"M696 533C708 521 713 504 713 487 713 471 708 454 696 446L400 146C388 133 375 125 354 125 338 125 325 129 313 142 300 154 292 171 292 187 292 204 296 221 308 233L563 492 304 771C292 783 288 800 288 817 288 833 296 850 308 863 321 871 338 875 354 875 371 875 388 867 400 854L696 533Z\"><\/path><\/svg>\t\t\t\t\t\t<\/div>\n\t\t\t\t\t\t\t\t\t\t\t\t\t\t\t\t<div class=\"swiper-pagination\"><\/div>\n\t\t\t\t\t\t\t\t\t\t\t\t<\/div>\n\t\t\t\t<\/div>\n\t\t\t\t\t\t\t\t<\/div>\n\t\t\t\t<\/div>\n\t\t\t\t<\/div>\n\t\t\t\t<section class=\"elementor-section elementor-top-section elementor-element elementor-element-169a952 elementor-section-content-middle elementor-section-boxed elementor-section-height-default elementor-section-height-default\" data-id=\"169a952\" data-element_type=\"section\" data-e-type=\"section\" data-settings=\"{&quot;shape_divider_top&quot;:&quot;mountains&quot;}\">\n\t\t\t\t\t<div class=\"elementor-shape elementor-shape-top\" aria-hidden=\"true\" data-negative=\"false\">\n\t\t\t<svg xmlns=\"http:\/\/www.w3.org\/2000\/svg\" viewbox=\"0 0 1000 100\" preserveaspectratio=\"none\">\n\t<path class=\"elementor-shape-fill\" opacity=\"0.33\" d=\"M473,67.3c-203.9,88.3-263.1-34-320.3,0C66,119.1,0,59.7,0,59.7V0h1000v59.7 c0,0-62.1,26.1-94.9,29.3c-32.8,3.3-62.8-12.3-75.8-22.1C806,49.6,745.3,8.7,694.9,4.7S492.4,59,473,67.3z\"\/>\n\t<path class=\"elementor-shape-fill\" opacity=\"0.66\" d=\"M734,67.3c-45.5,0-77.2-23.2-129.1-39.1c-28.6-8.7-150.3-10.1-254,39.1 s-91.7-34.4-149.2,0C115.7,118.3,0,39.8,0,39.8V0h1000v36.5c0,0-28.2-18.5-92.1-18.5C810.2,18.1,775.7,67.3,734,67.3z\"\/>\n\t<path class=\"elementor-shape-fill\" d=\"M766.1,28.9c-200-57.5-266,65.5-395.1,19.5C242,1.8,242,5.4,184.8,20.6C128,35.8,132.3,44.9,89.9,52.5C28.6,63.7,0,0,0,0 h1000c0,0-9.9,40.9-83.6,48.1S829.6,47,766.1,28.9z\"\/>\n<\/svg>\t\t<\/div>\n\t\t\t\t\t<div class=\"elementor-container elementor-column-gap-default\">\n\t\t\t\t\t<div class=\"elementor-column elementor-col-50 elementor-top-column elementor-element elementor-element-99d9dbe\" data-id=\"99d9dbe\" data-element_type=\"column\" data-e-type=\"column\">\n\t\t\t<div class=\"elementor-widget-wrap elementor-element-populated\">\n\t\t\t\t\t\t<div class=\"elementor-element elementor-element-9a55ac3 elementor-widget elementor-widget-text-editor\" data-id=\"9a55ac3\" data-element_type=\"widget\" data-e-type=\"widget\" data-widget_type=\"text-editor.default\">\n\t\t\t\t<div class=\"elementor-widget-container\">\n\t\t\t\t\t\t\t\t\t<div class=\"sppb-addon-title\"><strong>Kedves Vend\u00e9geink!<\/strong><\/div><div class=\"sppb-addon-content\"><div><strong><em>Gastdatenerfassung<\/em><br \/><br \/><\/strong><\/div><div><strong>A\u00a0<em>2021. szeptember 06-\u00e1n \u00e9letbe l\u00e9p\u0151 korm\u00e1nyrendelet szerint\u00a0vend\u00e9geink \u00e9rkez\u00e9sekor<\/em>\u00a0a szem\u00e9lyi okm\u00e1nyokat egy applik\u00e1ci\u00f3n kereszt\u00fcl 14 \u00e9ves kort\u00f3l\u00a0k\u00f6telesek vagyunk r\u00f6gz\u00edteni a VIZA inform\u00e1ci\u00f3s rendszerbe. Okm\u00e1nyok bemutat\u00e1s\u00e1nak hi\u00e1ny\u00e1ban sajnos nem fogadhatjuk a vend\u00e9geinket.<\/strong><\/div><div><strong>Az okozott kellemetlens\u00e9gek\u00e9rt\u00a0eln\u00e9z\u00e9st k\u00e9r\u00fcnk!<\/strong><\/div><div><strong>A VIZA rendszerr\u0151l t\u00f6bbet megtudhat\u00a0\u00a0<a href=\"https:\/\/vizainfo.hu\/\">https:\/\/vizainfo.hu\/<\/a><\/strong><\/div><\/div>\t\t\t\t\t\t\t\t<\/div>\n\t\t\t\t<\/div>\n\t\t\t\t\t<\/div>\n\t\t<\/div>\n\t\t\t\t<div class=\"elementor-column elementor-col-50 elementor-top-column elementor-element elementor-element-bd293aa\" data-id=\"bd293aa\" data-element_type=\"column\" data-e-type=\"column\">\n\t\t\t<div class=\"elementor-widget-wrap elementor-element-populated\">\n\t\t\t\t\t\t<div class=\"elementor-element elementor-element-227a3c6 elementor-widget elementor-widget-text-editor\" data-id=\"227a3c6\" data-element_type=\"widget\" data-e-type=\"widget\" data-widget_type=\"text-editor.default\">\n\t\t\t\t<div class=\"elementor-widget-container\">\n\t\t\t\t\t\t\t\t\t<p><strong>A VEND\u00c9GEM mobilalkalmaz\u00e1sban a leend\u0151 vend\u00e9geink r\u00e9sz\u00e9re el\u00e9rhet\u0151 az el\u0151zetes, jelenl\u00e9t n\u00e9lk\u00fcli adatr\u00f6gz\u00edt\u00e9sre haszn\u00e1lhat\u00f3 t\u00e1voli okm\u00e1nyolvas\u00e1s funkci\u00f3!<\/strong><\/p>\t\t\t\t\t\t\t\t<\/div>\n\t\t\t\t<\/div>\n\t\t\t\t<div class=\"elementor-element elementor-element-f695ba1 elementor-button-info elementor-align-center elementor-widget elementor-widget-button\" data-id=\"f695ba1\" data-element_type=\"widget\" data-e-type=\"widget\" data-widget_type=\"button.default\">\n\t\t\t\t<div class=\"elementor-widget-container\">\n\t\t\t\t\t\t\t\t\t<div class=\"elementor-button-wrapper\">\n\t\t\t\t\t<a class=\"elementor-button elementor-button-link elementor-size-lg\" href=\"https:\/\/play.google.com\/store\/search?q=vend%C3%A9gem&#038;c=apps&#038;hl=hu&#038;gl=US\" target=\"_blank\">\n\t\t\t\t\t\t<span class=\"elementor-button-content-wrapper\">\n\t\t\t\t\t\t\t\t\t<span class=\"elementor-button-text\">Vend\u00e9gem alkalmaz\u00e1s androidra<\/span>\n\t\t\t\t\t<\/span>\n\t\t\t\t\t<\/a>\n\t\t\t\t<\/div>\n\t\t\t\t\t\t\t\t<\/div>\n\t\t\t\t<\/div>\n\t\t\t\t<div class=\"elementor-element elementor-element-e6ccb39 elementor-button-success elementor-align-center elementor-widget elementor-widget-button\" data-id=\"e6ccb39\" data-element_type=\"widget\" data-e-type=\"widget\" data-widget_type=\"button.default\">\n\t\t\t\t<div class=\"elementor-widget-container\">\n\t\t\t\t\t\t\t\t\t<div class=\"elementor-button-wrapper\">\n\t\t\t\t\t<a class=\"elementor-button elementor-button-link elementor-size-lg\" href=\"https:\/\/apps.apple.com\/hu\/app\/vend%C3%A9gem\/id1456775848?l=hu\" target=\"_blank\">\n\t\t\t\t\t\t<span class=\"elementor-button-content-wrapper\">\n\t\t\t\t\t\t\t\t\t<span class=\"elementor-button-text\">Vend\u00e9gem alkalmaz\u00e1s (ios)<\/span>\n\t\t\t\t\t<\/span>\n\t\t\t\t\t<\/a>\n\t\t\t\t<\/div>\n\t\t\t\t\t\t\t\t<\/div>\n\t\t\t\t<\/div>\n\t\t\t\t<div class=\"elementor-element elementor-element-8e683cb elementor-button-warning elementor-align-center elementor-widget elementor-widget-button\" data-id=\"8e683cb\" data-element_type=\"widget\" data-e-type=\"widget\" data-widget_type=\"button.default\">\n\t\t\t\t<div class=\"elementor-widget-container\">\n\t\t\t\t\t\t\t\t\t<div class=\"elementor-button-wrapper\">\n\t\t\t\t\t<a class=\"elementor-button elementor-button-link elementor-size-lg\" href=\"https:\/\/info.vendegem.hu\/media\/uploads\/dokumentumok\/sci_vendeg.pdf\" target=\"_blank\">\n\t\t\t\t\t\t<span class=\"elementor-button-content-wrapper\">\n\t\t\t\t\t\t\t\t\t<span class=\"elementor-button-text\">Vend\u00e9gem seg\u00e9dlet<\/span>\n\t\t\t\t\t<\/span>\n\t\t\t\t\t<\/a>\n\t\t\t\t<\/div>\n\t\t\t\t\t\t\t\t<\/div>\n\t\t\t\t<\/div>\n\t\t\t\t\t<\/div>\n\t\t<\/div>\n\t\t\t\t\t<\/div>\n\t\t<\/section>\n\t\t\t\t<\/div>","protected":false},"excerpt":{"rendered":"<p>Bokor h\u00e1zMegn\u00e9zem k\u00f6zelebbr\u0151l&#8230;Levendula h\u00e1zMegn\u00e9zem k\u00f6zelebbr\u0151l&#8230; El\u0151z\u0151 K\u00f6vetkez\u0151 Kedves Vend\u00e9geink!Vend\u00e9gadat-r\u00f6gz\u00edt\u00e9s A\u00a02021. szeptember 06-\u00e1n \u00e9letbe l\u00e9p\u0151 korm\u00e1nyrendelet szerint\u00a0vend\u00e9geink \u00e9rkez\u00e9sekor\u00a0a szem\u00e9lyi okm\u00e1nyokat egy applik\u00e1ci\u00f3n kereszt\u00fcl 14 \u00e9ves kort\u00f3l\u00a0k\u00f6telesek vagyunk r\u00f6gz\u00edteni a VIZA inform\u00e1ci\u00f3s rendszerbe. Okm\u00e1nyok bemutat\u00e1s\u00e1nak hi\u00e1ny\u00e1ban sajnos nem fogadhatjuk a vend\u00e9geinket.Az okozott kellemetlens\u00e9gek\u00e9rt\u00a0eln\u00e9z\u00e9st k\u00e9r\u00fcnk!A VIZA rendszerr\u0151l t\u00f6bbet megtudhat\u00a0\u00a0https:\/\/vizainfo.hu\/ A VEND\u00c9GEM mobilalkalmaz\u00e1sban a leend\u0151 vend\u00e9geink r\u00e9sz\u00e9re el\u00e9rhet\u0151 az &#8230; <a title=\"Gastdatenerfassung\" class=\"read-more\" href=\"https:\/\/bokorhaz.hu\/de\/vendegadat-rogzites\/\" aria-label=\"Mehr Informationen \u00fcber Vend\u00e9gadat-r\u00f6gz\u00edt\u00e9s\">Weiterlesen<\/a><\/p>","protected":false},"author":1,"featured_media":0,"parent":0,"menu_order":0,"comment_status":"closed","ping_status":"closed","template":"","meta":{"_seopress_robots_primary_cat":"","_seopress_titles_title":"","_seopress_titles_desc":"","_seopress_robots_index":"","footnotes":""},"class_list":["post-317","page","type-page","status-publish"],"_links":{"self":[{"href":"https:\/\/bokorhaz.hu\/de\/wp-json\/wp\/v2\/pages\/317","targetHints":{"allow":["GET"]}}],"collection":[{"href":"https:\/\/bokorhaz.hu\/de\/wp-json\/wp\/v2\/pages"}],"about":[{"href":"https:\/\/bokorhaz.hu\/de\/wp-json\/wp\/v2\/types\/page"}],"author":[{"embeddable":true,"href":"https:\/\/bokorhaz.hu\/de\/wp-json\/wp\/v2\/users\/1"}],"replies":[{"embeddable":true,"href":"https:\/\/bokorhaz.hu\/de\/wp-json\/wp\/v2\/comments?post=317"}],"version-history":[{"count":16,"href":"https:\/\/bokorhaz.hu\/de\/wp-json\/wp\/v2\/pages\/317\/revisions"}],"predecessor-version":[{"id":1451,"href":"https:\/\/bokorhaz.hu\/de\/wp-json\/wp\/v2\/pages\/317\/revisions\/1451"}],"wp:attachment":[{"href":"https:\/\/bokorhaz.hu\/de\/wp-json\/wp\/v2\/media?parent=317"}],"curies":[{"name":"wp","href":"https:\/\/api.w.org\/{rel}","templated":true}]}}