{"id":107,"date":"2023-02-01T14:02:51","date_gmt":"2023-02-01T14:02:51","guid":{"rendered":"https:\/\/bokorhaz.hu\/?page_id=107"},"modified":"2026-01-11T12:07:03","modified_gmt":"2026-01-11T12:07:03","slug":"hazirend","status":"publish","type":"page","link":"https:\/\/bokorhaz.hu\/en\/hazirend\/","title":{"rendered":"House rules"},"content":{"rendered":"<div data-elementor-type=\"wp-page\" data-elementor-id=\"107\" class=\"elementor elementor-107\" data-elementor-post-type=\"page\">\n\t\t\t\t\t\t<section class=\"elementor-section elementor-top-section elementor-element elementor-element-252c66c4 elementor-section-boxed elementor-section-height-default elementor-section-height-default\" data-id=\"252c66c4\" data-element_type=\"section\" data-e-type=\"section\">\n\t\t\t\t\t\t<div class=\"elementor-container elementor-column-gap-default\">\n\t\t\t\t\t<div class=\"elementor-column elementor-col-100 elementor-top-column elementor-element elementor-element-decb01\" data-id=\"decb01\" data-element_type=\"column\" data-e-type=\"column\">\n\t\t\t<div class=\"elementor-widget-wrap elementor-element-populated\">\n\t\t\t\t\t\t<div class=\"elementor-element elementor-element-12157b28 elementor-widget elementor-widget-text-editor\" data-id=\"12157b28\" data-element_type=\"widget\" data-e-type=\"widget\" data-widget_type=\"text-editor.default\">\n\t\t\t\t<div class=\"elementor-widget-container\">\n\t\t\t\t\t\t\t\t\t<p>\u00a0<\/p><div style=\"color: #252525; font-family: system-ui, -apple-system, 'Segoe UI', Roboto, 'Helvetica Neue', Arial, 'Noto Sans', 'Liberation Sans', sans-serif, 'Apple Color Emoji', 'Segoe UI Emoji', 'Segoe UI Symbol', 'Noto Color Emoji'; font-size: 16px; background-color: #ffffff; text-align: center;\"><p><span style=\"font-size: 18pt;\">House rules<\/span><\/p><\/div><div style=\"color: #252525; font-family: system-ui, -apple-system, 'Segoe UI', Roboto, 'Helvetica Neue', Arial, 'Noto Sans', 'Liberation Sans', sans-serif, 'Apple Color Emoji', 'Segoe UI Emoji', 'Segoe UI Symbol', 'Noto Color Emoji'; font-size: 16px; background-color: #ffffff; text-align: justify;\">C\u00e9lunk, hogy biztos\u00edtsuk az \u00d6n kellemes pihen\u00e9s\u00e9t \u00e9s elker\u00fclj\u00fck az esetleges f\u00e9lre\u00e9rt\u00e9seket, ez\u00e9rt szeretn\u00e9nk, ha megismerkedne h\u00e1zirend\u00fcnkkel!<\/div><div style=\"color: #252525; font-family: system-ui, -apple-system, 'Segoe UI', Roboto, 'Helvetica Neue', Arial, 'Noto Sans', 'Liberation Sans', sans-serif, 'Apple Color Emoji', 'Segoe UI Emoji', 'Segoe UI Symbol', 'Noto Color Emoji'; font-size: 16px; background-color: #ffffff; text-align: justify;\">A foglal\u00e1sn\u00e1l felt\u00e9telezhet\u0151, hogy \u00d6n ismeri, \u00e9s elfogadja ezt a h\u00e1zirendet, valamint, hogy az betart\u00e1sra ker\u00fcl.<\/div><div style=\"color: #252525; font-family: system-ui, -apple-system, 'Segoe UI', Roboto, 'Helvetica Neue', Arial, 'Noto Sans', 'Liberation Sans', sans-serif, 'Apple Color Emoji', 'Segoe UI Emoji', 'Segoe UI Symbol', 'Noto Color Emoji'; font-size: 16px; background-color: #ffffff; text-align: justify;\">A vend\u00e9gh\u00e1zunkat mag\u00e1nsz\u00e1ll\u00e1s keretein bel\u00fcl m\u0171k\u00f6dtetj\u00fck.<\/div><div style=\"color: #252525; font-family: system-ui, -apple-system, 'Segoe UI', Roboto, 'Helvetica Neue', Arial, 'Noto Sans', 'Liberation Sans', sans-serif, 'Apple Color Emoji', 'Segoe UI Emoji', 'Segoe UI Symbol', 'Noto Color Emoji'; font-size: 16px; background-color: #ffffff; text-align: justify;\">\u00c9rkez\u00e9skor a vend\u00e9g k\u00f6teles a sz\u00e1ll\u00e1sad\u00f3nak \u00e1tadni adatfelv\u00e9tel miatt a szem\u00e9lyes dokumentumait (\u00fatlev\u00e9l vagy szem\u00e9lyi igazolv\u00e1ny, lakc\u00edmk\u00e1rtya), \u00e9s a helysz\u00ednen fizetend\u0151 \u00f6sszeget. Vend\u00e9geink a szob\u00e1kat csak a teljes r\u00e9szv\u00e9teli d\u00edj kifizet\u00e9se ut\u00e1n foglalhatj\u00e1k el!<\/div><div style=\"color: #252525; font-family: system-ui, -apple-system, 'Segoe UI', Roboto, 'Helvetica Neue', Arial, 'Noto Sans', 'Liberation Sans', sans-serif, 'Apple Color Emoji', 'Segoe UI Emoji', 'Segoe UI Symbol', 'Noto Color Emoji'; font-size: 16px; background-color: #ffffff; text-align: justify;\">A teljes r\u00e9szv\u00e9teli d\u00edj alatt az el\u0151re lefoglalt napokat \u00e9rtj\u00fck, abban az esetben ha \u00fagy d\u00f6ntenek, az itt tart\u00f3zkod\u00e1st el\u0151bb szak\u00edtj\u00e1k meg, nem \u00e1ll m\u00f3dunkban a p\u00e9nzt visszafizetni.<\/div><div style=\"color: #252525; font-family: system-ui, -apple-system, 'Segoe UI', Roboto, 'Helvetica Neue', Arial, 'Noto Sans', 'Liberation Sans', sans-serif, 'Apple Color Emoji', 'Segoe UI Emoji', 'Segoe UI Symbol', 'Noto Color Emoji'; font-size: 16px; background-color: #ffffff; text-align: justify;\">A sz\u00e1ll\u00e1s az \u00e9rkez\u00e9s napj\u00e1n 14.00 \u00e9s 20.00\u00a0 k\u00f6z\u00f6tt lehet elfoglalni. Ha k\u00e9s\u0151bb \u00e9rkezne, k\u00e9s\u00e9s\u00e9r\u0151l k\u00e9rj\u00fck, telefonon t\u00e1j\u00e9koztasson minket! Ha ezt elmulasztja, megeshet, hogy nem tudjuk fogadni.<\/div><div style=\"color: #252525; font-family: system-ui, -apple-system, 'Segoe UI', Roboto, 'Helvetica Neue', Arial, 'Noto Sans', 'Liberation Sans', sans-serif, 'Apple Color Emoji', 'Segoe UI Emoji', 'Segoe UI Symbol', 'Noto Color Emoji'; font-size: 16px; background-color: #ffffff; text-align: justify;\">A t\u00e1voz\u00e1s napj\u00e1n 10.00-ig kell elhagyni a sz\u00e1ll\u00e1shelyet,\u00a0 ellenkez\u0151 esetben fel\u00e1rat sz\u00e1molunk fel.<\/div><div style=\"color: #252525; font-family: system-ui, -apple-system, 'Segoe UI', Roboto, 'Helvetica Neue', Arial, 'Noto Sans', 'Liberation Sans', sans-serif, 'Apple Color Emoji', 'Segoe UI Emoji', 'Segoe UI Symbol', 'Noto Color Emoji'; font-size: 16px; background-color: #ffffff; text-align: justify;\">Vend\u00e9geink \u00e9rkez\u00e9skor szoba \u00e9s kapu kulcsot is kapnak, hogy szabadon k\u00f6zlekedhessenek. A t\u00e1voz\u00e1s napj\u00e1n k\u00e9rj\u00fck, a kulcsot k\u00edv\u00fclr\u0151l a szoba ajtaj\u00e1ban hagyni!<\/div><div style=\"color: #252525; font-family: system-ui, -apple-system, 'Segoe UI', Roboto, 'Helvetica Neue', Arial, 'Noto Sans', 'Liberation Sans', sans-serif, 'Apple Color Emoji', 'Segoe UI Emoji', 'Segoe UI Symbol', 'Noto Color Emoji'; font-size: 16px; background-color: #ffffff; text-align: justify;\">Vend\u00e9gh\u00e1zunk csal\u00e1di v\u00e1llalkoz\u00e1s, munkaid\u0151nk v\u00e1ltozatos (legink\u00e1bb vend\u00e9geink \u00e9rkez\u00e9si idej\u00e9hez igaz\u00edtjuk), ez\u00e9rt t\u00e1voz\u00e1skor megeshet, hogy nem tudjuk kik\u00eds\u00e9rni vend\u00e9geinket, emiatt sz\u00edves eln\u00e9z\u00e9s\u00fcket k\u00e9rj\u00fck!<\/div><div style=\"color: #252525; font-family: system-ui, -apple-system, 'Segoe UI', Roboto, 'Helvetica Neue', Arial, 'Noto Sans', 'Liberation Sans', sans-serif, 'Apple Color Emoji', 'Segoe UI Emoji', 'Segoe UI Symbol', 'Noto Color Emoji'; font-size: 16px; background-color: #ffffff; text-align: justify;\">A sz\u00e1ll\u00e1shelyen l\u00e1togat\u00f3kat kiz\u00e1r\u00f3lag napk\u00f6zben lehet fogadni, a sz\u00e1ll\u00e1sad\u00f3 enged\u00e9ly\u00e9vel.<\/div><div style=\"color: #252525; font-family: system-ui, -apple-system, 'Segoe UI', Roboto, 'Helvetica Neue', Arial, 'Noto Sans', 'Liberation Sans', sans-serif, 'Apple Color Emoji', 'Segoe UI Emoji', 'Segoe UI Symbol', 'Noto Color Emoji'; font-size: 16px; background-color: #ffffff; text-align: justify;\">A csendrendeletre \u00e9s a t\u00f6bbi vend\u00e9g\u00fcnkre val\u00f3 tekintettel k\u00e9rj\u00fck, mindenf\u00e9le zajos tev\u00e9kenys\u00e9get legyenek sz\u00edvesek mell\u0151zni! Tov\u00e1bb\u00e1 k\u00e9rj\u00fck, hogy \u00e9jszakai illetve hajnali haza\u00e9rkez\u00e9skor csendben k\u00f6zlekedjenek az \u00e9p\u00fcletben!<\/div><div style=\"color: #252525; font-family: system-ui, -apple-system, 'Segoe UI', Roboto, 'Helvetica Neue', Arial, 'Noto Sans', 'Liberation Sans', sans-serif, 'Apple Color Emoji', 'Segoe UI Emoji', 'Segoe UI Symbol', 'Noto Color Emoji'; font-size: 16px; background-color: #ffffff; text-align: justify;\">Szob\u00e1inkban, apartmanjainkban doh\u00e1nyozni tilos, csak az udvaron megengedett. (Elektromos cigarett\u00e1ra \u00e9s IQOS-ra is vonatkozik!) A csikkeket k\u00e9rj\u00fck, az erre a c\u00e9lra fenntartott hamutart\u00f3kba sz\u00edveskedjenek eldobni!<\/div><div style=\"color: #252525; font-family: system-ui, -apple-system, 'Segoe UI', Roboto, 'Helvetica Neue', Arial, 'Noto Sans', 'Liberation Sans', sans-serif, 'Apple Color Emoji', 'Segoe UI Emoji', 'Segoe UI Symbol', 'Noto Color Emoji'; font-size: 16px; background-color: #ffffff; text-align: justify;\">\u00c1llatokat csak a tulajdonos enged\u00e9ly\u00e9vel szabad a sz\u00e1ll\u00e1shelyre behozni!<\/div><div style=\"color: #252525; font-family: system-ui, -apple-system, 'Segoe UI', Roboto, 'Helvetica Neue', Arial, 'Noto Sans', 'Liberation Sans', sans-serif, 'Apple Color Emoji', 'Segoe UI Emoji', 'Segoe UI Symbol', 'Noto Color Emoji'; font-size: 16px; background-color: #ffffff; text-align: justify;\">A szob\u00e1kban hagyott szem\u00e9lyes t\u00e1rgyak\u00e9rt felel\u0151ss\u00e9get nem v\u00e1llalunk!<\/div><div style=\"color: #252525; font-family: system-ui, -apple-system, 'Segoe UI', Roboto, 'Helvetica Neue', Arial, 'Noto Sans', 'Liberation Sans', sans-serif, 'Apple Color Emoji', 'Segoe UI Emoji', 'Segoe UI Symbol', 'Noto Color Emoji'; font-size: 16px; background-color: #ffffff; text-align: justify;\">A vend\u00e9g felel\u0151s a saj\u00e1t viselked\u00e9s\u00e9\u00e9rt a h\u00e1zban \u00e9s annak k\u00f6rny\u00e9k\u00e9n,\u00a0 az esetleges baleset\u00e9rt maga viseli a k\u00f6vetkezm\u00e9nyeket.<\/div><div style=\"color: #252525; font-family: system-ui, -apple-system, 'Segoe UI', Roboto, 'Helvetica Neue', Arial, 'Noto Sans', 'Liberation Sans', sans-serif, 'Apple Color Emoji', 'Segoe UI Emoji', 'Segoe UI Symbol', 'Noto Color Emoji'; font-size: 16px; background-color: #ffffff; text-align: justify;\">K\u00e9rj\u00fck, hogy figyeljenek a rendre, \u00f3vj\u00e1k a h\u00e1z berendez\u00e9s\u00e9t, \u00e9s azokat ne vigy\u00e9k ki a szob\u00e1b\u00f3l (pl: t\u00f6r\u00f6lk\u00f6z\u0151, kisp\u00e1rna, takar\u00f3)!<\/div><div style=\"color: #252525; font-family: system-ui, -apple-system, 'Segoe UI', Roboto, 'Helvetica Neue', Arial, 'Noto Sans', 'Liberation Sans', sans-serif, 'Apple Color Emoji', 'Segoe UI Emoji', 'Segoe UI Symbol', 'Noto Color Emoji'; font-size: 16px; background-color: #ffffff; text-align: justify;\">A szob\u00e1k elhagy\u00e1sakor, k\u00e9rj\u00fck z\u00e1rj\u00e1k el a vizet, villanyt, csukj\u00e1k be az ablakot, \u00e9s z\u00e1rj\u00e1k be az ajt\u00f3t!<\/div><div style=\"color: #252525; font-family: system-ui, -apple-system, 'Segoe UI', Roboto, 'Helvetica Neue', Arial, 'Noto Sans', 'Liberation Sans', sans-serif, 'Apple Color Emoji', 'Segoe UI Emoji', 'Segoe UI Symbol', 'Noto Color Emoji'; font-size: 16px; background-color: #ffffff; text-align: justify;\">A szob\u00e1kba tilos bevinni b\u00e1rmif\u00e9le gy\u00fal\u00e9kony anyagot, eszk\u00f6zt!<\/div><div style=\"color: #252525; font-family: system-ui, -apple-system, 'Segoe UI', Roboto, 'Helvetica Neue', Arial, 'Noto Sans', 'Liberation Sans', sans-serif, 'Apple Color Emoji', 'Segoe UI Emoji', 'Segoe UI Symbol', 'Noto Color Emoji'; font-size: 16px; background-color: #ffffff; text-align: justify;\">A sz\u00e1ll\u00e1s ter\u00fclet\u00e9n okozott k\u00e1rt a k\u00e1rokoz\u00f3, vagy annak t\u00f6rv\u00e9nyes k\u00e9pvisel\u0151je k\u00f6teles megt\u00e9r\u00edteni.<\/div><div style=\"color: #252525; font-family: system-ui, -apple-system, 'Segoe UI', Roboto, 'Helvetica Neue', Arial, 'Noto Sans', 'Liberation Sans', sans-serif, 'Apple Color Emoji', 'Segoe UI Emoji', 'Segoe UI Symbol', 'Noto Color Emoji'; font-size: 16px; background-color: #ffffff; text-align: justify;\">K\u00e9rj\u00fck vend\u00e9geinket, hogy a szob\u00e1kban ne \u00e9tkezzenek! \u00c9tkez\u00e9sre haszn\u00e1lj\u00e1k a teakonyh\u00e1t, melyet k\u00e9rj\u00fck, tartsanak tiszt\u00e1n! Mindenki k\u00f6teles maga ut\u00e1n elmosni a haszn\u00e1lt ed\u00e9nyeket, ev\u0151eszk\u00f6z\u00f6ket.<\/div><div style=\"color: #252525; font-family: system-ui, -apple-system, 'Segoe UI', Roboto, 'Helvetica Neue', Arial, 'Noto Sans', 'Liberation Sans', sans-serif, 'Apple Color Emoji', 'Segoe UI Emoji', 'Segoe UI Symbol', 'Noto Color Emoji'; font-size: 16px; background-color: #ffffff; text-align: justify;\">Vend\u00e9gh\u00e1zunkban szelekt\u00edven gy\u0171jtj\u00fck a hullad\u00e9kot! K\u00e9rj\u00fck, a m\u0171anyagot, alum\u00edniumot \u00e9s pap\u00edrt az e c\u00e9lra kihelyezett s\u00e1rga sz\u00edn\u0171 zs\u00e1kokba \u00e9s kuk\u00e1kba helyezz\u00e9k.<\/div><div style=\"color: #252525; font-family: system-ui, -apple-system, 'Segoe UI', Roboto, 'Helvetica Neue', Arial, 'Noto Sans', 'Liberation Sans', sans-serif, 'Apple Color Emoji', 'Segoe UI Emoji', 'Segoe UI Symbol', 'Noto Color Emoji'; font-size: 16px; background-color: #ffffff; text-align: justify;\"><span style=\"font-weight: bolder;\">Fenntartjuk a jogot a vend\u00e9gk\u00f6r\u00fcnk megv\u00e1logat\u00e1s\u00e1ra. Ittas \u00e1llapot\u00fa, agressz\u00edv hajlam\u00fa vend\u00e9geket nem fogadunk!<\/span><\/div><div style=\"color: #252525; font-family: system-ui, -apple-system, 'Segoe UI', Roboto, 'Helvetica Neue', Arial, 'Noto Sans', 'Liberation Sans', sans-serif, 'Apple Color Emoji', 'Segoe UI Emoji', 'Segoe UI Symbol', 'Noto Color Emoji'; font-size: 16px; background-color: #ffffff; text-align: justify;\"><span style=\"font-weight: bolder;\">A tulajdonos jog\u00e1ban \u00e1ll lemondani a sz\u00e1ll\u00e1st, ha a vend\u00e9g nem tartja be a h\u00e1zirendet \u00e9s ha megbontja a b\u00e9k\u00e9t.<\/span><\/div><div style=\"color: #252525; font-family: system-ui, -apple-system, 'Segoe UI', Roboto, 'Helvetica Neue', Arial, 'Noto Sans', 'Liberation Sans', sans-serif, 'Apple Color Emoji', 'Segoe UI Emoji', 'Segoe UI Symbol', 'Noto Color Emoji'; font-size: 16px; background-color: #ffffff; text-align: justify;\"><span style=\"font-weight: bolder;\">A h\u00e1zirend megs\u00e9rt\u00e9se eset\u00e9n, a sz\u00e1ll\u00e1s lemond\u00e1sra ker\u00fclhet. Ebben az esetben a vend\u00e9gnek nem \u00e1ll m\u00f3dunkban visszafizetni az esetlegesen fennmarad\u00f3 napokat.<\/span><\/div><div style=\"color: #252525; font-family: system-ui, -apple-system, 'Segoe UI', Roboto, 'Helvetica Neue', Arial, 'Noto Sans', 'Liberation Sans', sans-serif, 'Apple Color Emoji', 'Segoe UI Emoji', 'Segoe UI Symbol', 'Noto Color Emoji'; font-size: 16px; background-color: #ffffff; text-align: justify;\"><span style=\"font-weight: bolder;\">A sz\u00e1ll\u00e1s ig\u00e9nybev\u00e9tel\u00e9vel mag\u00e1t\u00f3l \u00e9rtet\u0151dik, hogy a vend\u00e9g elolvasta, meg\u00e9rtette \u00e9s elfogadta a h\u00e1zirendben foglaltakat.<\/span><\/div><div style=\"color: #252525; font-family: system-ui, -apple-system, 'Segoe UI', Roboto, 'Helvetica Neue', Arial, 'Noto Sans', 'Liberation Sans', sans-serif, 'Apple Color Emoji', 'Segoe UI Emoji', 'Segoe UI Symbol', 'Noto Color Emoji'; font-size: 16px; background-color: #ffffff; text-align: justify;\"><p>Amennyiben el\u00e9gedettek a sz\u00e1ll\u00e1s szolg\u00e1ltat\u00e1saival, k\u00e9rj\u00fck \u00edrjanak v\u00e9lem\u00e9nyt online fel\u00fcleteinken.<br \/>B\u00e1rmilyen panaszt figyelembe vesz\u00fcnk, \u00e9s megoldunk szem\u00e9lyesen, munkaid\u0151ben 10.00-t\u0151l 20.00-ig. Ilyenkor k\u00e9rj\u00fck, h\u00edvjanak a k\u00f6vetkez\u0151 telefonok valamelyik\u00e9n: + 36703184104 +36703843415<\/p><\/div><div style=\"color: #252525; font-family: system-ui, -apple-system, 'Segoe UI', Roboto, 'Helvetica Neue', Arial, 'Noto Sans', 'Liberation Sans', sans-serif, 'Apple Color Emoji', 'Segoe UI Emoji', 'Segoe UI Symbol', 'Noto Color Emoji'; font-size: 16px; background-color: #ffffff; text-align: justify;\"><p>Kellemes kikapcsol\u00f3d\u00e1st \u00e9s j\u00f3 pihen\u00e9st k\u00edv\u00e1nunk! Albel Cec\u00edlia, Kornyik Attila, Kissn\u00e9 R\u00f3zsav\u00f6lgyi T\u00edmea<\/p><p><span style=\"font-size: 18pt;\"><span style=\"font-weight: bolder;\">House rules<\/span><\/span><br \/>Our aim is to ensure your relaxation and to avoid any misunderstandings, so we would like you to familiarise yourself with our policy!<br \/>When booking, it is assumed that you are aware of and accept this policy and that it will be adhered to.<br \/>We operate our guest house as a private accommodation.<br \/>Upon arrival, guests are required to hand over to the host their personal documents (passport or identity card, address card) and the amount payable on the spot for identification purposes. Guests are only allowed to book the rooms after paying the full participation fee!<br \/>The full participation fee is for the days booked in advance, in case you decide to interrupt your stay earlier, we will not be able to refund the money.<br \/>Accommodation can be booked between 14.00 and 20.00 on the day of arrival. If you arrive later, please inform us by phone! If you fail to do so, we may not be able to accommodate you.<br \/>You must leave the accommodation by 10.00 on the day of departure, otherwise a surcharge will be applied.<br \/>Upon arrival, guests will receive a room key and a gate key for free access. Please leave the key outside the room on the day of departure.<br \/>Our guesthouse is a family business, our working hours are varied (mostly adjusted to the arrival time of our guests), so we may not be able to see our guests out on departure, for which we apologize!<br \/>Visitors are only allowed during the day with the permission of the host.<br \/>Please refrain from any noisy activities in order to respect the silence regulations and other guests. We also kindly ask you to be quiet when returning home at night or at dawn!<br \/>Smoking is not allowed in our rooms and apartments, only in the courtyard (also applies to electric cigarettes and IQOS).<br \/>Animals are only allowed on the premises with the owner&#8217;s permission!<br \/>We are not responsible for any personal belongings left in the rooms!<br \/>The guest is responsible for his\/her own behaviour in and around the house and is liable for any accidents.<br \/>Please keep the house tidy, take care of the equipment and do not take it out of the room (e.g. towels, pillows, blankets).<br \/>When leaving the room, please turn off the water, turn off the lights, close the windows and lock the door!<br \/>It is forbidden to bring any flammable material or equipment into the rooms!<br \/>Damage caused on the premises of the accommodation shall be compensated by the person who caused the damage or his\/her legal representative.<br \/>Guests are kindly requested not to eat in the rooms! Please use the kitchenette for meals and keep it clean! Everyone is required to wash up after themselves any utensils or cutlery used.<br \/>Waste is collected separately in our guest house! Please place plastic, aluminium and paper in the yellow bags and bins provided.<br \/>We reserve the right to select our guests. We do not accept drunk or aggressive guests!<br \/>The owner reserves the right to cancel the accommodation if the guest does not respect the house rules and disturbs the peace.<br \/>In case of violation of the rules, the accommodation may be cancelled. In this case the guest will not be refunded for any remaining days.<br \/>By using the accommodation, it is understood that the guest has read, understood and accepted the terms and conditions of the house rules.<br \/>If you are satisfied with the services provided by the accommodation, please write a review on our online interface. Any complaints will be taken into consideration and will be resolved in person, during working hours from 10.00 to 20.00. Please call us on + 36703184104 +36703843415<\/p><p>We wish you a pleasant stay and a good rest! Albel Cec\u00edlia, Kornyik Attila, Kissn\u00e9 R\u00f3zsav\u00f6lgyi T\u00edmea<\/p><p>\u00a0<\/p><\/div>\t\t\t\t\t\t\t\t<\/div>\n\t\t\t\t<\/div>\n\t\t\t\t\t<\/div>\n\t\t<\/div>\n\t\t\t\t\t<\/div>\n\t\t<\/section>\n\t\t\t\t<\/div>","protected":false},"excerpt":{"rendered":"<p>\u00a0 H\u00e1zirend C\u00e9lunk, hogy biztos\u00edtsuk az \u00d6n kellemes pihen\u00e9s\u00e9t \u00e9s elker\u00fclj\u00fck az esetleges f\u00e9lre\u00e9rt\u00e9seket, ez\u00e9rt szeretn\u00e9nk, ha megismerkedne h\u00e1zirend\u00fcnkkel!A foglal\u00e1sn\u00e1l felt\u00e9telezhet\u0151, hogy \u00d6n ismeri, \u00e9s elfogadja ezt a h\u00e1zirendet, valamint, hogy az betart\u00e1sra ker\u00fcl.A vend\u00e9gh\u00e1zunkat mag\u00e1nsz\u00e1ll\u00e1s keretein bel\u00fcl m\u0171k\u00f6dtetj\u00fck.\u00c9rkez\u00e9skor a vend\u00e9g k\u00f6teles a sz\u00e1ll\u00e1sad\u00f3nak \u00e1tadni adatfelv\u00e9tel miatt a szem\u00e9lyes dokumentumait (\u00fatlev\u00e9l vagy szem\u00e9lyi igazolv\u00e1ny, lakc\u00edmk\u00e1rtya), &#8230; <a title=\"House rules\" class=\"read-more\" href=\"https:\/\/bokorhaz.hu\/en\/hazirend\/\" aria-label=\"Read more about H\u00e1zirend\">Read more<\/a><\/p>","protected":false},"author":1,"featured_media":0,"parent":0,"menu_order":0,"comment_status":"closed","ping_status":"closed","template":"elementor_header_footer","meta":{"_seopress_robots_primary_cat":"","_seopress_titles_title":"","_seopress_titles_desc":"","_seopress_robots_index":"","footnotes":""},"class_list":["post-107","page","type-page","status-publish"],"_links":{"self":[{"href":"https:\/\/bokorhaz.hu\/en\/wp-json\/wp\/v2\/pages\/107","targetHints":{"allow":["GET"]}}],"collection":[{"href":"https:\/\/bokorhaz.hu\/en\/wp-json\/wp\/v2\/pages"}],"about":[{"href":"https:\/\/bokorhaz.hu\/en\/wp-json\/wp\/v2\/types\/page"}],"author":[{"embeddable":true,"href":"https:\/\/bokorhaz.hu\/en\/wp-json\/wp\/v2\/users\/1"}],"replies":[{"embeddable":true,"href":"https:\/\/bokorhaz.hu\/en\/wp-json\/wp\/v2\/comments?post=107"}],"version-history":[{"count":17,"href":"https:\/\/bokorhaz.hu\/en\/wp-json\/wp\/v2\/pages\/107\/revisions"}],"predecessor-version":[{"id":2045,"href":"https:\/\/bokorhaz.hu\/en\/wp-json\/wp\/v2\/pages\/107\/revisions\/2045"}],"wp:attachment":[{"href":"https:\/\/bokorhaz.hu\/en\/wp-json\/wp\/v2\/media?parent=107"}],"curies":[{"name":"wp","href":"https:\/\/api.w.org\/{rel}","templated":true}]}}